{"id":42,"date":"2024-06-09T21:54:09","date_gmt":"2024-06-09T21:54:09","guid":{"rendered":"https:\/\/hurtncar.com\/?page_id=42"},"modified":"2024-07-01T13:43:17","modified_gmt":"2024-07-01T13:43:17","slug":"home","status":"publish","type":"page","link":"https:\/\/hurtncar.com\/es\/home\/","title":{"rendered":"Inicio"},"content":{"rendered":"<div class=\"wp-block-cover alignfull\" style=\"border-style:none;border-width:0px;border-radius:0px;margin-top:0px;margin-bottom:0px;padding-top:13%;padding-bottom:33;padding-left:40px;min-height:430px;aspect-ratio:unset;\"><span aria-hidden=\"true\" class=\"wp-block-cover__background has-background-dim-30 has-background-dim\" style=\"background-color:#7f7a75\"><\/span><img loading=\"lazy\" decoding=\"async\" width=\"2560\" height=\"1448\" class=\"wp-block-cover__image-background wp-image-470\" alt=\"\" src=\"https:\/\/hurtncar.com\/wp-content\/uploads\/2024\/06\/People-standing-outside-of-building-scaled.jpeg\" style=\"object-position:51% 22%\" data-object-fit=\"cover\" data-object-position=\"51% 22%\" srcset=\"https:\/\/hurtncar.com\/wp-content\/uploads\/2024\/06\/People-standing-outside-of-building-scaled.jpeg 2560w, https:\/\/hurtncar.com\/wp-content\/uploads\/2024\/06\/People-standing-outside-of-building-300x170.jpeg 300w, https:\/\/hurtncar.com\/wp-content\/uploads\/2024\/06\/People-standing-outside-of-building-1024x579.jpeg 1024w, https:\/\/hurtncar.com\/wp-content\/uploads\/2024\/06\/People-standing-outside-of-building-768x434.jpeg 768w, https:\/\/hurtncar.com\/wp-content\/uploads\/2024\/06\/People-standing-outside-of-building-1536x869.jpeg 1536w, https:\/\/hurtncar.com\/wp-content\/uploads\/2024\/06\/People-standing-outside-of-building-2048x1159.jpeg 2048w\" sizes=\"auto, (max-width: 2560px) 100vw, 2560px\" \/><div class=\"wp-block-cover__inner-container has-global-padding is-layout-constrained wp-container-core-cover-is-layout-b4866c75 wp-block-cover-is-layout-constrained\">\n<div style=\"height:184px\" aria-hidden=\"true\" class=\"wp-block-spacer\"><\/div>\n\n\n\n<div class=\"wp-block-group alignwide is-vertical is-content-justification-center is-layout-flex wp-container-core-group-is-layout-5e763914 wp-block-group-is-layout-flex\" style=\"min-height:35rem\">\n<div class=\"wp-block-group has-global-padding is-layout-constrained wp-container-core-group-is-layout-bea02a06 wp-block-group-is-layout-constrained\">\n<p><\/p>\n<\/div>\n\n\n\n<p><\/p>\n\n\n\n<div class=\"wp-block-group has-global-padding is-layout-constrained wp-container-core-group-is-layout-bea02a06 wp-block-group-is-layout-constrained\">\n<p><\/p>\n\n\n\n<h3 class=\"wp-block-heading has-text-align-center has-text-color\" style=\"color:#fefefe;margin-top:40;margin-bottom:0rem;font-size:clamp(1.453rem, 1.453rem + ((1vw - 0.2rem) * 1.722), 2.4rem);font-style:normal;font-weight:500;line-height:1;text-transform:none\">Conectar con...<\/h3>\n\n\n\n<h2 class=\"wp-block-heading has-text-align-center has-text-color\" style=\"color:#ffffff;margin-top:0rem;margin-bottom:1.01rem;font-size:clamp(1.837rem, 1.837rem + ((1vw - 0.2rem) * 2.478), 3.2rem);font-style:normal;font-weight:500;line-height:1.4;text-transform:capitalize\">\u2026expertos de confianza.<\/h2>\n\n\n\n<div class=\"wp-block-group is-vertical is-content-justification-stretch is-layout-flex wp-container-core-group-is-layout-be82aac6 wp-block-group-is-layout-flex\" style=\"margin-top:0rem;padding-right:0px;padding-left:0px\">\n<div class=\"wp-block-group has-global-padding is-content-justification-center is-layout-constrained wp-container-core-group-is-layout-0638dde4 wp-block-group-is-layout-constrained\" style=\"margin-top:0px\">\n<div class=\"wp-block-buttons is-horizontal is-content-justification-right is-layout-flex wp-container-core-buttons-is-layout-e5324bbf wp-block-buttons-is-layout-flex\" style=\"margin-top:0.21rem\">\n<div class=\"wp-block-button has-custom-width wp-block-button__width-100 has-custom-font-size is-style-fill\" style=\"font-size:clamp(0.875rem, 0.875rem + ((1vw - 0.2rem) * 0.609), 1.21rem);font-style:normal;font-weight:400;line-height:1;text-transform:capitalize\"><a class=\"wp-block-button__link has-text-color has-background has-border-color wp-element-button\" href=\"https:\/\/hurtncar.com\/es\/contact\/\" style=\"border-color:#041d55;border-style:solid;border-width:1px;border-radius:2.5rem;color:#07277c;background-color:#ffffff;padding-top:1.1rem;padding-right:0.81rem;padding-bottom:1.1rem;padding-left:0.81rem\">Consigue Ayuda<\/a><\/div>\n<\/div>\n<\/div>\n<\/div>\n<\/div>\n<\/div>\n<\/div><\/div>\n\n\n\n<section class=\"wp-block-group alignfull has-text-color has-background has-global-padding is-layout-constrained wp-container-core-group-is-layout-5e70687f wp-block-group-is-layout-constrained\" style=\"color:#212121;background-color:#b0ff615c;margin-top:0rem;padding-right:1rem;padding-left:1rem;font-size:clamp(0.875rem, 0.875rem + ((1vw - 0.2rem) * 0.464), 1.13rem);font-style:normal;font-weight:400;line-height:1.5\">\n<div class=\"wp-block-group has-global-padding is-layout-constrained wp-container-core-group-is-layout-c328c1cf wp-block-group-is-layout-constrained\" style=\"padding-top:5.01rem;padding-bottom:4.01rem\">\n<div class=\"wp-block-columns is-not-stacked-on-mobile is-layout-flex wp-container-core-columns-is-layout-713970fd wp-block-columns-is-layout-flex\">\n<div class=\"wp-block-column has-global-padding is-layout-constrained wp-container-core-column-is-layout-c6e25a76 wp-block-column-is-layout-constrained\" style=\"border-right-color:#7b90bd;border-right-width:2px;padding-right:1rem;padding-left:1rem\">\n<h6 class=\"wp-block-heading has-text-align-center has-text-color\" style=\"color:#07277c;margin-bottom:0.51rem;font-size:clamp(1.517rem, 1.517rem + ((1vw - 0.2rem) * 1.842), 2.53rem);font-style:normal;font-weight:600;line-height:1.3;text-transform:capitalize\">100%<\/h6>\n\n\n\n<p class=\"has-text-align-center has-text-color\" style=\"color:#212121;margin-top:0px;margin-bottom:1.77rem;font-size:clamp(0.875rem, 0.875rem + ((1vw - 0.2rem) * 0.064), 0.91rem);font-style:normal;font-weight:500;line-height:1.5\">Tasa de satisfacci\u00f3n.<\/p>\n<\/div>\n\n\n\n<div class=\"wp-block-column has-global-padding is-layout-constrained wp-container-core-column-is-layout-c6e25a76 wp-block-column-is-layout-constrained\" style=\"border-right-color:#7b90bd;border-right-width:2px;padding-right:1rem;padding-left:1rem\">\n<h6 class=\"wp-block-heading has-text-align-center has-text-color\" style=\"color:#07277c;margin-bottom:0.51rem;font-size:clamp(1.517rem, 1.517rem + ((1vw - 0.2rem) * 1.842), 2.53rem);font-style:normal;font-weight:600;line-height:1.3;text-transform:capitalize\">24\/7<\/h6>\n\n\n\n<p class=\"has-text-align-center has-text-color\" style=\"color:#212121;margin-top:0px;margin-bottom:1.77rem;font-size:clamp(0.875rem, 0.875rem + ((1vw - 0.2rem) * 0.064), 0.91rem);font-style:normal;font-weight:500;line-height:1.5\">Disponible las 24 horas del d\u00eda.<\/p>\n<\/div>\n\n\n\n<div class=\"wp-block-column has-global-padding is-layout-constrained wp-container-core-column-is-layout-c6e25a76 wp-block-column-is-layout-constrained\" style=\"padding-right:1rem;padding-left:1rem\">\n<h6 class=\"wp-block-heading has-text-align-center has-text-color\" style=\"color:#07277c;margin-bottom:0.51rem;font-size:clamp(1.517rem, 1.517rem + ((1vw - 0.2rem) * 1.842), 2.53rem);font-style:normal;font-weight:600;line-height:1.3;text-transform:capitalize\">100%<\/h6>\n\n\n\n<p class=\"has-text-align-center has-text-color\" style=\"color:#212121;margin-top:0px;margin-bottom:1.77rem;font-size:clamp(0.875rem, 0.875rem + ((1vw - 0.2rem) * 0.064), 0.91rem);font-style:normal;font-weight:500;line-height:1.5\">Integridad.<\/p>\n<\/div>\n<\/div>\n<\/div>\n<\/section>\n\n\n\n<div class=\"wp-block-group alignfull has-background has-global-padding is-layout-constrained wp-container-core-group-is-layout-1257c590 wp-block-group-is-layout-constrained\" style=\"background-color:#ffffff;margin-top:0;margin-bottom:0;padding-top:5.51rem;padding-right:1rem;padding-bottom:3rem;padding-left:1rem\">\n<div class=\"wp-block-group alignwide has-global-padding is-layout-constrained wp-block-group-is-layout-constrained\" style=\"padding-bottom:1rem\">\n<h2 class=\"wp-block-heading has-text-align-center has-text-color\" style=\"color:#07277c;font-size:clamp(1.556rem, 1.556rem + ((1vw - 0.2rem) * 1.916), 2.61rem);font-style:normal;font-weight:600;line-height:1.5;text-transform:capitalize\">Nuestros Servicios<\/h2>\n<\/div>\n\n\n\n<div class=\"wp-block-group alignwide has-global-padding is-layout-constrained wp-container-core-group-is-layout-1cf432e6 wp-block-group-is-layout-constrained\" style=\"margin-top:1.01rem\">\n<div class=\"wp-block-columns alignwide is-layout-flex wp-container-core-columns-is-layout-85231905 wp-block-columns-is-layout-flex\">\n<div class=\"wp-block-column has-global-padding is-content-justification-center is-layout-constrained wp-container-core-column-is-layout-412b4476 wp-block-column-is-layout-constrained\" style=\"padding-bottom:2rem\">\n<div class=\"wp-block-group has-global-padding is-layout-constrained wp-container-core-group-is-layout-668d2085 wp-block-group-is-layout-constrained\">\n<figure class=\"wp-block-image aligncenter size-full is-resized\"><img loading=\"lazy\" decoding=\"async\" width=\"2560\" height=\"1025\" src=\"https:\/\/hurtncar.com\/wp-content\/uploads\/2024\/06\/Nurse-scaled.jpeg\" alt=\"\" class=\"wp-image-509\" style=\"aspect-ratio:1.5570175438596492;object-fit:cover;width:358px;height:auto\" srcset=\"https:\/\/hurtncar.com\/wp-content\/uploads\/2024\/06\/Nurse-scaled.jpeg 2560w, https:\/\/hurtncar.com\/wp-content\/uploads\/2024\/06\/Nurse-300x120.jpeg 300w, https:\/\/hurtncar.com\/wp-content\/uploads\/2024\/06\/Nurse-1024x410.jpeg 1024w, https:\/\/hurtncar.com\/wp-content\/uploads\/2024\/06\/Nurse-768x308.jpeg 768w, https:\/\/hurtncar.com\/wp-content\/uploads\/2024\/06\/Nurse-1536x615.jpeg 1536w, https:\/\/hurtncar.com\/wp-content\/uploads\/2024\/06\/Nurse-2048x820.jpeg 2048w\" sizes=\"auto, (max-width: 2560px) 100vw, 2560px\" \/><\/figure>\n\n\n\n<h5 class=\"wp-block-heading has-text-align-center has-text-color\" style=\"color:#07277c;font-size:clamp(1.044rem, 1.044rem + ((1vw - 0.2rem) * 1.029), 1.61rem);font-style:normal;font-weight:600;line-height:1.4;text-transform:capitalize\">Referencias M\u00e9dicas<\/h5>\n<\/div>\n\n\n\n<div class=\"wp-block-group has-global-padding is-layout-constrained wp-container-core-group-is-layout-4f9f0532 wp-block-group-is-layout-constrained\">\n<p class=\"has-text-align-center has-text-color\" style=\"color:#252525;margin-top:0rem;font-size:clamp(0.875rem, 0.875rem + ((1vw - 0.2rem) * 0.064), 0.91rem);font-style:normal;font-weight:400;line-height:1.5\">Nuestras conexiones de servicios de atenci\u00f3n m\u00e9dica y rehabilitaci\u00f3n son profesionales de la salud de primer nivel que se especializan en el tratamiento de casos de lesiones personales. Lo conectamos con m\u00e9dicos confiables que ofrecen evaluaciones integrales y planes de tratamiento para ayudarlo en su recuperaci\u00f3n.<\/p>\n<\/div>\n<\/div>\n\n\n\n<div class=\"wp-block-column has-global-padding is-layout-constrained wp-container-core-column-is-layout-a3af4fe5 wp-block-column-is-layout-constrained\" style=\"padding-bottom:2rem\">\n<div class=\"wp-block-group has-global-padding is-layout-constrained wp-container-core-group-is-layout-668d2085 wp-block-group-is-layout-constrained\">\n<figure class=\"wp-block-image aligncenter size-full is-resized\"><img loading=\"lazy\" decoding=\"async\" width=\"2560\" height=\"1707\" src=\"https:\/\/hurtncar.com\/wp-content\/uploads\/2024\/06\/Lawyer-scaled.jpeg\" alt=\"\" class=\"wp-image-510\" style=\"width:340px;height:auto\" srcset=\"https:\/\/hurtncar.com\/wp-content\/uploads\/2024\/06\/Lawyer-scaled.jpeg 2560w, https:\/\/hurtncar.com\/wp-content\/uploads\/2024\/06\/Lawyer-300x200.jpeg 300w, https:\/\/hurtncar.com\/wp-content\/uploads\/2024\/06\/Lawyer-1024x683.jpeg 1024w, https:\/\/hurtncar.com\/wp-content\/uploads\/2024\/06\/Lawyer-768x512.jpeg 768w, https:\/\/hurtncar.com\/wp-content\/uploads\/2024\/06\/Lawyer-1536x1024.jpeg 1536w, https:\/\/hurtncar.com\/wp-content\/uploads\/2024\/06\/Lawyer-2048x1365.jpeg 2048w\" sizes=\"auto, (max-width: 2560px) 100vw, 2560px\" \/><\/figure>\n\n\n\n<h5 class=\"wp-block-heading has-text-align-center has-text-color\" style=\"color:#07277c;font-size:clamp(1.044rem, 1.044rem + ((1vw - 0.2rem) * 1.029), 1.61rem);font-style:normal;font-weight:600;line-height:1.8;text-transform:capitalize\">Referencias Legales<\/h5>\n<\/div>\n\n\n\n<div class=\"wp-block-group has-global-padding is-layout-constrained wp-container-core-group-is-layout-4f9f0532 wp-block-group-is-layout-constrained\">\n<p class=\"has-text-align-center has-text-color\" style=\"color:#252525;margin-top:0rem;font-size:clamp(0.875rem, 0.875rem + ((1vw - 0.2rem) * 0.064), 0.91rem);font-style:normal;font-weight:400;line-height:1.5\">Lo conectamos con abogados con experiencia en lesiones personales que le brindar\u00e1n orientaci\u00f3n y representaci\u00f3n experta. Nos aseguramos de que tenga acceso al apoyo legal necesario para navegar las complejidades de su caso y recibir la compensaci\u00f3n adecuada.<\/p>\n<\/div>\n<\/div>\n\n\n\n<div class=\"wp-block-column has-global-padding is-content-justification-center is-layout-constrained wp-container-core-column-is-layout-412b4476 wp-block-column-is-layout-constrained\" style=\"padding-bottom:2rem\">\n<div class=\"wp-block-group has-global-padding is-layout-constrained wp-container-core-group-is-layout-668d2085 wp-block-group-is-layout-constrained\">\n<figure class=\"wp-block-image aligncenter size-full is-resized\"><img loading=\"lazy\" decoding=\"async\" width=\"2560\" height=\"1707\" src=\"https:\/\/hurtncar.com\/wp-content\/uploads\/2024\/06\/Case-evaluation-scaled.jpeg\" alt=\"\" class=\"wp-image-514\" style=\"width:337px;height:auto\" srcset=\"https:\/\/hurtncar.com\/wp-content\/uploads\/2024\/06\/Case-evaluation-scaled.jpeg 2560w, https:\/\/hurtncar.com\/wp-content\/uploads\/2024\/06\/Case-evaluation-300x200.jpeg 300w, https:\/\/hurtncar.com\/wp-content\/uploads\/2024\/06\/Case-evaluation-1024x683.jpeg 1024w, https:\/\/hurtncar.com\/wp-content\/uploads\/2024\/06\/Case-evaluation-768x512.jpeg 768w, https:\/\/hurtncar.com\/wp-content\/uploads\/2024\/06\/Case-evaluation-1536x1024.jpeg 1536w, https:\/\/hurtncar.com\/wp-content\/uploads\/2024\/06\/Case-evaluation-2048x1365.jpeg 2048w\" sizes=\"auto, (max-width: 2560px) 100vw, 2560px\" \/><\/figure>\n\n\n\n<h5 class=\"wp-block-heading has-text-align-center has-text-color\" style=\"color:#07277c;font-size:clamp(1.044rem, 1.044rem + ((1vw - 0.2rem) * 1.029), 1.61rem);font-style:normal;font-weight:600;line-height:1.4;text-transform:capitalize\">Evaluaciones de Casos Gratuitas<\/h5>\n<\/div>\n\n\n\n<div class=\"wp-block-group has-global-padding is-layout-constrained wp-container-core-group-is-layout-4f9f0532 wp-block-group-is-layout-constrained\">\n<p class=\"has-text-align-center has-text-color\" style=\"color:#252525;margin-top:0rem;font-size:clamp(0.875rem, 0.875rem + ((1vw - 0.2rem) * 0.064), 0.91rem);font-style:normal;font-weight:400;line-height:1.5\">Get a FREE detailed examination of your case NOW! And remember you don&#8217;t need to pay us anything for our services. Call 678-677-4988 for your free evaluation.<\/p>\n<\/div>\n<\/div>\n<\/div>\n<\/div>\n<\/div>\n\n\n\n<section class=\"wp-block-group alignfull has-text-color has-background has-global-padding is-layout-constrained wp-container-core-group-is-layout-38ad39fd wp-block-group-is-layout-constrained\" style=\"color:#03081e;background-color:#b0ff615c;margin-top:0px;padding-top:5.01rem;padding-right:1rem;padding-bottom:5.5rem;padding-left:1rem;font-size:clamp(0.875rem, 0.875rem + ((1vw - 0.2rem) * 0.464), 1.13rem);font-style:normal;font-weight:400;line-height:1.4\">\n<div class=\"wp-block-columns is-layout-flex wp-container-core-columns-is-layout-db2df21c wp-block-columns-is-layout-flex\" style=\"margin-bottom:0px\">\n<div class=\"wp-block-column has-global-padding is-content-justification-left is-layout-constrained wp-container-core-column-is-layout-12dd3699 wp-block-column-is-layout-constrained\" style=\"flex-basis:45%\">\n<figure class=\"wp-block-image aligncenter size-full is-resized\"><img loading=\"lazy\" decoding=\"async\" width=\"1000\" height=\"1000\" src=\"https:\/\/hurtncar.com\/wp-content\/uploads\/2024\/06\/logo-nobackground-1000.png\" alt=\"\" class=\"wp-image-188\" style=\"width:446px\" srcset=\"https:\/\/hurtncar.com\/wp-content\/uploads\/2024\/06\/logo-nobackground-1000.png 1000w, https:\/\/hurtncar.com\/wp-content\/uploads\/2024\/06\/logo-nobackground-1000-300x300.png 300w, https:\/\/hurtncar.com\/wp-content\/uploads\/2024\/06\/logo-nobackground-1000-150x150.png 150w, https:\/\/hurtncar.com\/wp-content\/uploads\/2024\/06\/logo-nobackground-1000-768x768.png 768w\" sizes=\"auto, (max-width: 1000px) 100vw, 1000px\" \/><\/figure>\n<\/div>\n\n\n\n<div class=\"wp-block-column is-layout-flow wp-block-column-is-layout-flow\">\n<div class=\"wp-block-group is-vertical is-content-justification-left is-layout-flex wp-container-core-group-is-layout-c5d44cae wp-block-group-is-layout-flex\" style=\"min-height:100%\">\n<div class=\"wp-block-group has-global-padding is-content-justification-center is-layout-constrained wp-container-core-group-is-layout-b15c80d6 wp-block-group-is-layout-constrained\">\n<h3 class=\"wp-block-heading has-text-align-left has-text-color\" style=\"color:#07277c;margin-top:0.5rem;margin-bottom:1.01rem;font-size:clamp(1.556rem, 1.556rem + ((1vw - 0.2rem) * 1.916), 2.61rem);font-style:normal;font-weight:500;letter-spacing:0px;line-height:1.3;text-transform:capitalize\">\u00bfPor Qu\u00e9 Elegirnos?<\/h3>\n\n\n\n<p class=\"has-text-align-left has-text-color\" style=\"color:#03081e;margin-top:0rem;font-size:clamp(0.875rem, 0.875rem + ((1vw - 0.2rem) * 0.609), 1.21rem);font-style:normal;font-weight:400;line-height:1.6\">Entendemos lo abrumador que puede ser navegar por los procesos legales y m\u00e9dicos despu\u00e9s de una lesi\u00f3n. Nuestra misi\u00f3n es brindarle acceso a una red de abogados y proveedores m\u00e9dicos de buena reputaci\u00f3n, asegurando que reciba el apoyo y la compensaci\u00f3n que se merece. Con nuestras conexiones confiables, puede tener la tranquilidad de saber que est\u00e1 en buenas manos. Llame para una evaluaci\u00f3n GRATUITA de su caso.<\/p>\n\n\n\n<div class=\"wp-block-group has-global-padding is-content-justification-left is-layout-constrained wp-container-core-group-is-layout-30c9064c wp-block-group-is-layout-constrained\" style=\"margin-top:0px\">\n<div class=\"wp-block-buttons is-horizontal is-content-justification-left is-layout-flex wp-container-core-buttons-is-layout-50dd055c wp-block-buttons-is-layout-flex\" style=\"margin-top:2.51rem\">\n<div class=\"wp-block-button has-custom-width wp-block-button__width-100 has-custom-font-size is-style-fill\" style=\"font-size:clamp(0.875rem, 0.875rem + ((1vw - 0.2rem) * 0.609), 1.21rem);font-style:normal;font-weight:400;line-height:1;text-transform:capitalize\"><a class=\"wp-block-button__link has-text-color has-background has-border-color wp-element-button\" href=\"https:\/\/hurtncar.com\/es\/contact\/\" style=\"border-color:#041d55;border-style:solid;border-width:1px;border-radius:2.5rem;color:#07277c;background-color:#ffffff;padding-top:1.1rem;padding-right:0.81rem;padding-bottom:1.1rem;padding-left:0.81rem\">Contacta Ahora<\/a><\/div>\n<\/div>\n<\/div>\n<\/div>\n<\/div>\n<\/div>\n<\/div>\n<\/section>\n\n\n\n<section class=\"wp-block-cover alignfull is-light\" style=\"margin-top:0px;padding-bottom:12.51rem;min-height:650px;aspect-ratio:unset;\"><span aria-hidden=\"true\" class=\"wp-block-cover__background has-background-dim-30 has-background-dim\" style=\"background-color:#a59fa3\"><\/span><img loading=\"lazy\" decoding=\"async\" width=\"2560\" height=\"1706\" class=\"wp-block-cover__image-background wp-image-511\" alt=\"\" src=\"https:\/\/hurtncar.com\/wp-content\/uploads\/2024\/06\/Photographing-a-car-accident-scaled.jpeg\" style=\"object-position:55% 38%\" data-object-fit=\"cover\" data-object-position=\"55% 38%\" srcset=\"https:\/\/hurtncar.com\/wp-content\/uploads\/2024\/06\/Photographing-a-car-accident-scaled.jpeg 2560w, https:\/\/hurtncar.com\/wp-content\/uploads\/2024\/06\/Photographing-a-car-accident-300x200.jpeg 300w, https:\/\/hurtncar.com\/wp-content\/uploads\/2024\/06\/Photographing-a-car-accident-1024x682.jpeg 1024w, https:\/\/hurtncar.com\/wp-content\/uploads\/2024\/06\/Photographing-a-car-accident-768x512.jpeg 768w, https:\/\/hurtncar.com\/wp-content\/uploads\/2024\/06\/Photographing-a-car-accident-1536x1024.jpeg 1536w, https:\/\/hurtncar.com\/wp-content\/uploads\/2024\/06\/Photographing-a-car-accident-2048x1365.jpeg 2048w\" sizes=\"auto, (max-width: 2560px) 100vw, 2560px\" \/><div class=\"wp-block-cover__inner-container has-global-padding is-layout-constrained wp-container-core-cover-is-layout-19e6744e wp-block-cover-is-layout-constrained\">\n<div class=\"wp-block-group alignfull has-text-color has-global-padding is-layout-constrained wp-container-core-group-is-layout-6f61d7e7 wp-block-group-is-layout-constrained\" style=\"color:#252525;margin-top:0px;padding-top:0rem;padding-right:1rem;padding-bottom:0rem;padding-left:1rem;font-size:clamp(0.875rem, 0.875rem + ((1vw - 0.2rem) * 0.464), 1.13rem);font-style:normal;font-weight:400;line-height:1.4\">\n<div class=\"wp-block-group is-vertical is-content-justification-center is-layout-flex wp-container-core-group-is-layout-b6c1f246 wp-block-group-is-layout-flex\">\n<div class=\"wp-block-group has-global-padding is-layout-constrained wp-container-core-group-is-layout-a099c240 wp-block-group-is-layout-constrained\">\n<h2 class=\"wp-block-heading has-text-align-center has-text-color\" style=\"color:#07277c;margin-bottom:1.11rem;font-size:clamp(1.556rem, 1.556rem + ((1vw - 0.2rem) * 1.916), 2.61rem);font-style:normal;font-weight:700;line-height:1.2;text-transform:capitalize\">Contacta Ahora<\/h2>\n\n\n\n<p class=\"has-text-align-center has-text-color\" style=\"color:#03081e;margin-top:0rem;font-size:clamp(0.984rem, 0.984rem + ((1vw - 0.2rem) * 0.938), 1.5rem);font-style:normal;font-weight:500;line-height:1.3\">No esperes, la llamada es gratuita. Sepa cu\u00e1l es su situaci\u00f3n y obtenga la informaci\u00f3n que necesita para seguir adelante. <\/p>\n\n\n\n<div class=\"wp-block-group is-vertical is-content-justification-stretch is-layout-flex wp-container-core-group-is-layout-be82aac6 wp-block-group-is-layout-flex\" style=\"margin-top:0rem;padding-right:0px;padding-left:0px\">\n<div class=\"wp-block-group has-global-padding is-content-justification-center is-layout-constrained wp-container-core-group-is-layout-0638dde4 wp-block-group-is-layout-constrained\" style=\"margin-top:0px\">\n<div class=\"wp-block-buttons is-horizontal is-content-justification-right is-layout-flex wp-container-core-buttons-is-layout-1b0e492f wp-block-buttons-is-layout-flex\" style=\"margin-top:2.21rem\">\n<div class=\"wp-block-button has-custom-width wp-block-button__width-100 has-custom-font-size is-style-fill\" style=\"font-size:clamp(0.875rem, 0.875rem + ((1vw - 0.2rem) * 0.609), 1.21rem);font-style:normal;font-weight:400;line-height:1;text-transform:capitalize\"><a class=\"wp-block-button__link has-text-color has-background has-border-color wp-element-button\" href=\"https:\/\/hurtncar.com\/es\/contact\/\" style=\"border-color:#041d55;border-style:solid;border-width:1px;border-radius:2.5rem;color:#07277c;background-color:#ffffff;padding-top:1.1rem;padding-right:0.81rem;padding-bottom:1.1rem;padding-left:0.81rem\">Solicitar Hhora<\/a><\/div>\n<\/div>\n<\/div>\n<\/div>\n<\/div>\n<\/div>\n<\/div>\n<\/div><\/section>","protected":false},"excerpt":{"rendered":"<p>100% Satisfaction rate. 24\/7 Available 24 hours a day. 100% Integrity. Our Services Medical Referrals Our medical care and rehabilitation service connections provide are top-tier healthcare professionals who specialize in treating personal injury cases. We connect you with trusted physicians who offer comprehensive evaluations and treatment plans to aid in your recovery. legal Referrals We [&hellip;]<\/p>","protected":false},"author":1,"featured_media":0,"parent":0,"menu_order":0,"comment_status":"closed","ping_status":"closed","template":"","meta":{"footnotes":""},"class_list":["post-42","page","type-page","status-publish","hentry"],"_links":{"self":[{"href":"https:\/\/hurtncar.com\/es\/wp-json\/wp\/v2\/pages\/42","targetHints":{"allow":["GET"]}}],"collection":[{"href":"https:\/\/hurtncar.com\/es\/wp-json\/wp\/v2\/pages"}],"about":[{"href":"https:\/\/hurtncar.com\/es\/wp-json\/wp\/v2\/types\/page"}],"author":[{"embeddable":true,"href":"https:\/\/hurtncar.com\/es\/wp-json\/wp\/v2\/users\/1"}],"replies":[{"embeddable":true,"href":"https:\/\/hurtncar.com\/es\/wp-json\/wp\/v2\/comments?post=42"}],"version-history":[{"count":214,"href":"https:\/\/hurtncar.com\/es\/wp-json\/wp\/v2\/pages\/42\/revisions"}],"predecessor-version":[{"id":787,"href":"https:\/\/hurtncar.com\/es\/wp-json\/wp\/v2\/pages\/42\/revisions\/787"}],"wp:attachment":[{"href":"https:\/\/hurtncar.com\/es\/wp-json\/wp\/v2\/media?parent=42"}],"curies":[{"name":"wp","href":"https:\/\/api.w.org\/{rel}","templated":true}]}}