{"id":14,"date":"2024-06-08T03:32:27","date_gmt":"2024-06-08T03:32:27","guid":{"rendered":"https:\/\/hurtncar.com\/?page_id=14"},"modified":"2024-07-10T17:16:59","modified_gmt":"2024-07-10T17:16:59","slug":"services","status":"publish","type":"page","link":"https:\/\/hurtncar.com\/es\/services\/","title":{"rendered":"Servicios"},"content":{"rendered":"<div class=\"wp-block-cover alignfull is-light\" style=\"padding-top:22%;min-height:299px;aspect-ratio:unset;\"><span aria-hidden=\"true\" class=\"wp-block-cover__background has-white-background-color has-background-dim-40 has-background-dim\"><\/span><img loading=\"lazy\" decoding=\"async\" width=\"2560\" height=\"861\" class=\"wp-block-cover__image-background wp-image-674\" alt=\"\" src=\"https:\/\/hurtncar.com\/wp-content\/uploads\/2024\/06\/Sunny-Road-scaled.jpeg\" data-object-fit=\"cover\" srcset=\"https:\/\/hurtncar.com\/wp-content\/uploads\/2024\/06\/Sunny-Road-scaled.jpeg 2560w, https:\/\/hurtncar.com\/wp-content\/uploads\/2024\/06\/Sunny-Road-300x101.jpeg 300w, https:\/\/hurtncar.com\/wp-content\/uploads\/2024\/06\/Sunny-Road-1024x344.jpeg 1024w, https:\/\/hurtncar.com\/wp-content\/uploads\/2024\/06\/Sunny-Road-768x258.jpeg 768w, https:\/\/hurtncar.com\/wp-content\/uploads\/2024\/06\/Sunny-Road-1536x516.jpeg 1536w, https:\/\/hurtncar.com\/wp-content\/uploads\/2024\/06\/Sunny-Road-2048x688.jpeg 2048w\" sizes=\"auto, (max-width: 2560px) 100vw, 2560px\" \/><div class=\"wp-block-cover__inner-container has-global-padding is-layout-constrained wp-container-core-cover-is-layout-140006da wp-block-cover-is-layout-constrained\">\n<div class=\"wp-block-group alignwide is-vertical is-content-justification-center is-layout-flex wp-container-core-group-is-layout-4379875d wp-block-group-is-layout-flex\" style=\"min-height:0rem;margin-top:0px;margin-bottom:0px;padding-top:0;padding-right:0;padding-bottom:0;padding-left:0\">\n<div class=\"wp-block-group has-global-padding is-layout-constrained wp-container-core-group-is-layout-bea02a06 wp-block-group-is-layout-constrained\">\n<h2 class=\"wp-block-heading has-text-align-center has-text-color\" style=\"color:#07277c;margin-top:0rem;margin-bottom:0rem;font-size:clamp(37.821px, 2.364rem + ((1vw - 3.2px) * 3.657), 70px);font-style:normal;font-weight:500\"> Servicios<\/h2>\n<\/div>\n<\/div>\n\n\n\n<div style=\"height:100px\" aria-hidden=\"true\" class=\"wp-block-spacer\"><\/div>\n<\/div><\/div>\n\n\n\n<section class=\"wp-block-group alignfull has-text-color has-global-padding is-layout-constrained wp-container-core-group-is-layout-52bd5ed5 wp-block-group-is-layout-constrained\" style=\"color:#03081e;margin-top:0px;padding-top:6rem;padding-right:1rem;padding-bottom:5.5rem;padding-left:1rem;font-size:clamp(0.875rem, 0.875rem + ((1vw - 0.2rem) * 0.464), 1.13rem);font-style:normal;font-weight:400;line-height:1.4\">\n<div class=\"wp-block-columns is-layout-flex wp-container-core-columns-is-layout-db2df21c wp-block-columns-is-layout-flex\" style=\"margin-bottom:0px\">\n<div class=\"wp-block-column has-global-padding is-content-justification-left is-layout-constrained wp-container-core-column-is-layout-12dd3699 wp-block-column-is-layout-constrained\" style=\"flex-basis:50%\">\n<figure class=\"wp-block-image aligncenter size-full is-resized\"><img loading=\"lazy\" decoding=\"async\" width=\"2560\" height=\"1707\" src=\"https:\/\/hurtncar.com\/wp-content\/uploads\/2024\/06\/Rear-end-colision-scaled.jpeg\" alt=\"\" class=\"wp-image-220\" style=\"width:520px\" srcset=\"https:\/\/hurtncar.com\/wp-content\/uploads\/2024\/06\/Rear-end-colision-scaled.jpeg 2560w, https:\/\/hurtncar.com\/wp-content\/uploads\/2024\/06\/Rear-end-colision-300x200.jpeg 300w, https:\/\/hurtncar.com\/wp-content\/uploads\/2024\/06\/Rear-end-colision-1024x683.jpeg 1024w, https:\/\/hurtncar.com\/wp-content\/uploads\/2024\/06\/Rear-end-colision-768x512.jpeg 768w, https:\/\/hurtncar.com\/wp-content\/uploads\/2024\/06\/Rear-end-colision-1536x1024.jpeg 1536w, https:\/\/hurtncar.com\/wp-content\/uploads\/2024\/06\/Rear-end-colision-2048x1365.jpeg 2048w\" sizes=\"auto, (max-width: 2560px) 100vw, 2560px\" \/><\/figure>\n<\/div>\n\n\n\n<div class=\"wp-block-column is-layout-flow wp-block-column-is-layout-flow\">\n<div class=\"wp-block-group is-vertical is-content-justification-left is-layout-flex wp-container-core-group-is-layout-c5d44cae wp-block-group-is-layout-flex\" style=\"min-height:100%\">\n<div class=\"wp-block-group has-global-padding is-content-justification-center is-layout-constrained wp-container-core-group-is-layout-b15c80d6 wp-block-group-is-layout-constrained\">\n<h3 class=\"wp-block-heading has-text-align-left has-text-color\" style=\"color:#07277c;margin-top:0.5rem;margin-bottom:1.01rem;font-size:clamp(1.044rem, 1.044rem + ((1vw - 0.2rem) * 1.029), 1.61rem);font-style:normal;font-weight:600;letter-spacing:0px;line-height:1.3;text-transform:capitalize\">Accidente Automovilistico<\/h3>\n\n\n\n<p class=\"has-text-align-left has-text-color\" style=\"color:#03081e;margin-top:0rem;font-size:clamp(0.875rem, 0.875rem + ((1vw - 0.2rem) * 0.245), 1.01rem);font-style:normal;font-weight:400;line-height:1.6\">A car accident is an event where two or more cars collide with each other. This event can lead to various injuries and damage. If you find yourself in this situation, here are some things to consider: check that everyone is okay, call the police, get the other drivers&#8217; information, take photos of the damage if you can, report the accident to your insurance company, and get medical assistance. In addition, be sure to know your rights. Call Hurtncar for a free case evaluation.<\/p>\n<\/div>\n<\/div>\n<\/div>\n<\/div>\n<\/section>\n\n\n\n<section class=\"wp-block-group alignfull has-text-color has-global-padding is-layout-constrained wp-container-core-group-is-layout-b691706e wp-block-group-is-layout-constrained\" style=\"color:#03081e;margin-top:0px;padding-top:4.01rem;padding-right:1rem;padding-bottom:5.5rem;padding-left:1rem;font-size:clamp(0.875rem, 0.875rem + ((1vw - 0.2rem) * 0.464), 1.13rem);font-style:normal;font-weight:400;line-height:1.4\">\n<div class=\"wp-block-columns is-layout-flex wp-container-core-columns-is-layout-db2df21c wp-block-columns-is-layout-flex\" style=\"margin-bottom:0px\">\n<div class=\"wp-block-column is-layout-flow wp-block-column-is-layout-flow\">\n<div class=\"wp-block-group is-vertical is-content-justification-left is-layout-flex wp-container-core-group-is-layout-c5d44cae wp-block-group-is-layout-flex\" style=\"min-height:100%\">\n<div class=\"wp-block-group has-global-padding is-content-justification-center is-layout-constrained wp-container-core-group-is-layout-b15c80d6 wp-block-group-is-layout-constrained\">\n<h3 class=\"wp-block-heading has-text-align-left has-text-color\" style=\"color:#07277c;margin-top:0.5rem;margin-bottom:1.01rem;font-size:clamp(1.044rem, 1.044rem + ((1vw - 0.2rem) * 1.029), 1.61rem);font-style:normal;font-weight:600;letter-spacing:0px;line-height:1.3;text-transform:capitalize\">Work Related Injury \/ Worker&#8217;s Compensation<\/h3>\n\n\n\n<p class=\"has-text-align-left has-text-color\" style=\"color:#03081e;margin-top:0rem;font-size:clamp(0.875rem, 0.875rem + ((1vw - 0.2rem) * 0.245), 1.01rem);font-style:normal;font-weight:400;line-height:1.6\">Si se lesiona en el trabajo, es posible que haya sufrido una lesi\u00f3n relacionada con el trabajo. Ll\u00e1manos para obtener una evaluaci\u00f3n gratuita de tu caso y aliviar cualquier duda.<\/p>\n<\/div>\n<\/div>\n<\/div>\n\n\n\n<div class=\"wp-block-column has-global-padding is-content-justification-left is-layout-constrained wp-container-core-column-is-layout-12dd3699 wp-block-column-is-layout-constrained\" style=\"flex-basis:50%\">\n<figure class=\"wp-block-image aligncenter size-full is-resized\"><img loading=\"lazy\" decoding=\"async\" width=\"2560\" height=\"1708\" src=\"https:\/\/hurtncar.com\/wp-content\/uploads\/2024\/06\/Work-Related-Injury-scaled.jpeg\" alt=\"\" class=\"wp-image-539\" style=\"width:520px\" srcset=\"https:\/\/hurtncar.com\/wp-content\/uploads\/2024\/06\/Work-Related-Injury-scaled.jpeg 2560w, https:\/\/hurtncar.com\/wp-content\/uploads\/2024\/06\/Work-Related-Injury-300x200.jpeg 300w, https:\/\/hurtncar.com\/wp-content\/uploads\/2024\/06\/Work-Related-Injury-1024x683.jpeg 1024w, https:\/\/hurtncar.com\/wp-content\/uploads\/2024\/06\/Work-Related-Injury-768x512.jpeg 768w, https:\/\/hurtncar.com\/wp-content\/uploads\/2024\/06\/Work-Related-Injury-1536x1025.jpeg 1536w, https:\/\/hurtncar.com\/wp-content\/uploads\/2024\/06\/Work-Related-Injury-2048x1366.jpeg 2048w\" sizes=\"auto, (max-width: 2560px) 100vw, 2560px\" \/><\/figure>\n<\/div>\n<\/div>\n<\/section>\n\n\n\n<section class=\"wp-block-group alignfull has-text-color has-global-padding is-layout-constrained wp-container-core-group-is-layout-4252d6ba wp-block-group-is-layout-constrained\" style=\"color:#03081e;margin-top:0px;padding-top:6.51rem;padding-right:1rem;padding-bottom:5.5rem;padding-left:1rem;font-size:clamp(0.875rem, 0.875rem + ((1vw - 0.2rem) * 0.464), 1.13rem);font-style:normal;font-weight:400;line-height:1.4\">\n<div class=\"wp-block-columns is-layout-flex wp-container-core-columns-is-layout-db2df21c wp-block-columns-is-layout-flex\" style=\"margin-bottom:0px\">\n<div class=\"wp-block-column has-global-padding is-content-justification-left is-layout-constrained wp-container-core-column-is-layout-12dd3699 wp-block-column-is-layout-constrained\" style=\"flex-basis:50%\">\n<figure class=\"wp-block-image aligncenter size-full is-resized\"><img loading=\"lazy\" decoding=\"async\" width=\"1280\" height=\"921\" src=\"https:\/\/hurtncar.com\/wp-content\/uploads\/2024\/06\/dog-6960835_1280.jpg\" alt=\"\" class=\"wp-image-146\" style=\"width:520px\" srcset=\"https:\/\/hurtncar.com\/wp-content\/uploads\/2024\/06\/dog-6960835_1280.jpg 1280w, https:\/\/hurtncar.com\/wp-content\/uploads\/2024\/06\/dog-6960835_1280-300x216.jpg 300w, https:\/\/hurtncar.com\/wp-content\/uploads\/2024\/06\/dog-6960835_1280-1024x737.jpg 1024w, https:\/\/hurtncar.com\/wp-content\/uploads\/2024\/06\/dog-6960835_1280-768x553.jpg 768w\" sizes=\"auto, (max-width: 1280px) 100vw, 1280px\" \/><\/figure>\n<\/div>\n\n\n\n<div class=\"wp-block-column is-layout-flow wp-block-column-is-layout-flow\">\n<div class=\"wp-block-group is-vertical is-content-justification-left is-layout-flex wp-container-core-group-is-layout-c5d44cae wp-block-group-is-layout-flex\" style=\"min-height:100%\">\n<div class=\"wp-block-group has-global-padding is-content-justification-center is-layout-constrained wp-container-core-group-is-layout-b15c80d6 wp-block-group-is-layout-constrained\">\n<h3 class=\"wp-block-heading has-text-align-left has-text-color\" style=\"color:#07277c;margin-top:0.5rem;margin-bottom:1.01rem;font-size:clamp(1.044rem, 1.044rem + ((1vw - 0.2rem) * 1.029), 1.61rem);font-style:normal;font-weight:600;letter-spacing:0px;line-height:1.3;text-transform:capitalize\">Mordidas de Perro<\/h3>\n\n\n\n<p class=\"has-text-align-left has-text-color\" style=\"color:#03081e;margin-top:0rem;font-size:clamp(0.875rem, 0.875rem + ((1vw - 0.2rem) * 0.245), 1.01rem);font-style:normal;font-weight:400;line-height:1.6\">Los ataques de perros pueden ser repentinos e inesperados. Estos ataques pueden provocar lesiones que var\u00edan en diversos grados de dolor y sufrimiento. Adem\u00e1s, estas lesiones no se limitan s\u00f3lo al cuerpo, sino que pueden extenderse a la mente y provocar que la v\u00edctima sufra PTSD. Si ha estado involucrado en un ataque de perro, ll\u00e1menos.<\/p>\n<\/div>\n<\/div>\n<\/div>\n<\/div>\n<\/section>\n\n\n\n<section class=\"wp-block-group alignfull has-text-color has-global-padding is-layout-constrained wp-container-core-group-is-layout-b691706e wp-block-group-is-layout-constrained\" style=\"color:#03081e;margin-top:0px;padding-top:4.01rem;padding-right:1rem;padding-bottom:5.5rem;padding-left:1rem;font-size:clamp(0.875rem, 0.875rem + ((1vw - 0.2rem) * 0.464), 1.13rem);font-style:normal;font-weight:400;line-height:1.4\">\n<div class=\"wp-block-columns is-layout-flex wp-container-core-columns-is-layout-db2df21c wp-block-columns-is-layout-flex\" style=\"margin-bottom:0px\">\n<div class=\"wp-block-column is-layout-flow wp-block-column-is-layout-flow\">\n<div class=\"wp-block-group is-vertical is-content-justification-left is-layout-flex wp-container-core-group-is-layout-c5d44cae wp-block-group-is-layout-flex\" style=\"min-height:100%\">\n<div class=\"wp-block-group has-global-padding is-content-justification-center is-layout-constrained wp-container-core-group-is-layout-b15c80d6 wp-block-group-is-layout-constrained\">\n<h3 class=\"wp-block-heading has-text-align-left has-text-color\" style=\"color:#07277c;margin-top:0.5rem;margin-bottom:1.01rem;font-size:clamp(1.044rem, 1.044rem + ((1vw - 0.2rem) * 1.029), 1.61rem);font-style:normal;font-weight:600;letter-spacing:0px;line-height:1.3;text-transform:capitalize\">Lesiones Relacionadas con Peatones<\/h3>\n\n\n\n<p class=\"has-text-align-left has-text-color\" style=\"color:#03081e;margin-top:0rem;font-size:clamp(0.875rem, 0.875rem + ((1vw - 0.2rem) * 0.245), 1.01rem);font-style:normal;font-weight:400;line-height:1.6\">Los accidentes de peatones involucran a una persona que es atropellada por un veh\u00edculo. Las lesiones pueden ser catastr\u00f3ficas para la v\u00edctima. Si usted o un ser querido se ve involucrado en este tipo de accidente, ll\u00e1menos para obtener una evaluaci\u00f3n gratuita de su caso.<\/p>\n<\/div>\n<\/div>\n<\/div>\n\n\n\n<div class=\"wp-block-column has-global-padding is-content-justification-left is-layout-constrained wp-container-core-column-is-layout-12dd3699 wp-block-column-is-layout-constrained\" style=\"flex-basis:50%\">\n<figure class=\"wp-block-image aligncenter size-full is-resized\"><img loading=\"lazy\" decoding=\"async\" width=\"2560\" height=\"1709\" src=\"https:\/\/hurtncar.com\/wp-content\/uploads\/2024\/06\/Pedestrian-Accident-scaled.jpeg\" alt=\"\" class=\"wp-image-541\" style=\"width:520px\" srcset=\"https:\/\/hurtncar.com\/wp-content\/uploads\/2024\/06\/Pedestrian-Accident-scaled.jpeg 2560w, https:\/\/hurtncar.com\/wp-content\/uploads\/2024\/06\/Pedestrian-Accident-300x200.jpeg 300w, https:\/\/hurtncar.com\/wp-content\/uploads\/2024\/06\/Pedestrian-Accident-1024x683.jpeg 1024w, https:\/\/hurtncar.com\/wp-content\/uploads\/2024\/06\/Pedestrian-Accident-768x513.jpeg 768w, https:\/\/hurtncar.com\/wp-content\/uploads\/2024\/06\/Pedestrian-Accident-1536x1025.jpeg 1536w, https:\/\/hurtncar.com\/wp-content\/uploads\/2024\/06\/Pedestrian-Accident-2048x1367.jpeg 2048w\" sizes=\"auto, (max-width: 2560px) 100vw, 2560px\" \/><\/figure>\n<\/div>\n<\/div>\n<\/section>\n\n\n\n<section class=\"wp-block-group alignfull has-text-color has-global-padding is-layout-constrained wp-container-core-group-is-layout-b691706e wp-block-group-is-layout-constrained\" style=\"color:#03081e;margin-top:0px;padding-top:4.01rem;padding-right:1rem;padding-bottom:5.5rem;padding-left:1rem;font-size:clamp(0.875rem, 0.875rem + ((1vw - 0.2rem) * 0.464), 1.13rem);font-style:normal;font-weight:400;line-height:1.4\">\n<div class=\"wp-block-columns is-layout-flex wp-container-core-columns-is-layout-db2df21c wp-block-columns-is-layout-flex\" style=\"margin-bottom:0px\">\n<div class=\"wp-block-column has-global-padding is-content-justification-left is-layout-constrained wp-container-core-column-is-layout-12dd3699 wp-block-column-is-layout-constrained\" style=\"flex-basis:50%\">\n<div class=\"wp-block-cover aligncenter is-light\"><span aria-hidden=\"true\" class=\"wp-block-cover__background has-background-dim\" style=\"background-color:#a19277\"><\/span><img loading=\"lazy\" decoding=\"async\" width=\"2560\" height=\"1706\" class=\"wp-block-cover__image-background wp-image-796\" alt=\"\" src=\"https:\/\/hurtncar.com\/wp-content\/uploads\/2024\/07\/Slip-and-Fall-scaled.jpeg\" data-object-fit=\"cover\" srcset=\"https:\/\/hurtncar.com\/wp-content\/uploads\/2024\/07\/Slip-and-Fall-scaled.jpeg 2560w, https:\/\/hurtncar.com\/wp-content\/uploads\/2024\/07\/Slip-and-Fall-300x200.jpeg 300w, https:\/\/hurtncar.com\/wp-content\/uploads\/2024\/07\/Slip-and-Fall-1024x683.jpeg 1024w, https:\/\/hurtncar.com\/wp-content\/uploads\/2024\/07\/Slip-and-Fall-768x512.jpeg 768w, https:\/\/hurtncar.com\/wp-content\/uploads\/2024\/07\/Slip-and-Fall-1536x1024.jpeg 1536w, https:\/\/hurtncar.com\/wp-content\/uploads\/2024\/07\/Slip-and-Fall-2048x1365.jpeg 2048w, https:\/\/hurtncar.com\/wp-content\/uploads\/2024\/07\/Slip-and-Fall-18x12.jpeg 18w\" sizes=\"auto, (max-width: 2560px) 100vw, 2560px\" \/><div class=\"wp-block-cover__inner-container is-layout-flow wp-block-cover-is-layout-flow\">\n<p class=\"has-text-align-center has-large-font-size\"><\/p>\n<\/div><\/div>\n<\/div>\n\n\n\n<div class=\"wp-block-column is-layout-flow wp-block-column-is-layout-flow\">\n<div class=\"wp-block-group is-vertical is-content-justification-left is-layout-flex wp-container-core-group-is-layout-c5d44cae wp-block-group-is-layout-flex\" style=\"min-height:100%\">\n<div class=\"wp-block-group has-global-padding is-content-justification-center is-layout-constrained wp-container-core-group-is-layout-b15c80d6 wp-block-group-is-layout-constrained\">\n<h3 class=\"wp-block-heading has-text-align-left has-text-color\" style=\"color:#07277c;margin-top:0.5rem;margin-bottom:1.01rem;font-size:clamp(1.044rem, 1.044rem + ((1vw - 0.2rem) * 1.029), 1.61rem);font-style:normal;font-weight:600;letter-spacing:0px;line-height:1.3;text-transform:capitalize\">Accidentes de Resbal\u00f3n y Ca\u00edda<\/h3>\n\n\n\n<p class=\"has-text-align-left has-text-color\" style=\"color:#03081e;margin-top:0rem;font-size:clamp(0.875rem, 0.875rem + ((1vw - 0.2rem) * 0.245), 1.01rem);font-style:normal;font-weight:400;line-height:1.6\">Un resbal\u00f3n y ca\u00edda ocurre cuando un individuo cae sobre la propiedad de otro. Estos accidentes pueden provocar una amplia gama de lesiones. Cont\u00e1ctenos para una evaluaci\u00f3n gratuita si ha sufrido un accidente por resbal\u00f3n y ca\u00edda.<\/p>\n<\/div>\n<\/div>\n<\/div>\n<\/div>\n<\/section>\n\n\n\n<section class=\"wp-block-group alignfull has-text-color has-global-padding is-layout-constrained wp-container-core-group-is-layout-b691706e wp-block-group-is-layout-constrained\" style=\"color:#03081e;margin-top:0px;padding-top:4.01rem;padding-right:1rem;padding-bottom:5.5rem;padding-left:1rem;font-size:clamp(0.875rem, 0.875rem + ((1vw - 0.2rem) * 0.464), 1.13rem);font-style:normal;font-weight:400;line-height:1.4\">\n<div class=\"wp-block-columns is-layout-flex wp-container-core-columns-is-layout-db2df21c wp-block-columns-is-layout-flex\" style=\"margin-bottom:0px\">\n<div class=\"wp-block-column is-layout-flow wp-block-column-is-layout-flow\">\n<div class=\"wp-block-group is-vertical is-content-justification-left is-layout-flex wp-container-core-group-is-layout-c5d44cae wp-block-group-is-layout-flex\" style=\"min-height:100%\">\n<div class=\"wp-block-group has-global-padding is-content-justification-center is-layout-constrained wp-container-core-group-is-layout-b15c80d6 wp-block-group-is-layout-constrained\">\n<h3 class=\"wp-block-heading has-text-align-left has-text-color\" style=\"color:#07277c;margin-top:0.5rem;margin-bottom:1.01rem;font-size:clamp(1.044rem, 1.044rem + ((1vw - 0.2rem) * 1.029), 1.61rem);font-style:normal;font-weight:600;letter-spacing:0px;line-height:1.3;text-transform:capitalize\">Accidentes Relacionados con Motocicletas<\/h3>\n\n\n\n<p class=\"has-text-align-left has-text-color\" style=\"color:#03081e;margin-top:0rem;font-size:clamp(0.875rem, 0.875rem + ((1vw - 0.2rem) * 0.245), 1.01rem);font-style:normal;font-weight:400;line-height:1.6\">Un accidente de motocicleta involucra a un motociclista, una motocicleta, y resulta en lesiones y da\u00f1os a la propiedad. Si ha estado involucrado en un accidente de motocicleta, no se demore. Ll\u00e1menos y sepa cu\u00e1l es su situaci\u00f3n.<\/p>\n<\/div>\n<\/div>\n<\/div>\n\n\n\n<div class=\"wp-block-column has-global-padding is-content-justification-left is-layout-constrained wp-container-core-column-is-layout-12dd3699 wp-block-column-is-layout-constrained\" style=\"flex-basis:50%\">\n<figure class=\"wp-block-image aligncenter size-full is-resized\"><img loading=\"lazy\" decoding=\"async\" width=\"2560\" height=\"1955\" src=\"https:\/\/hurtncar.com\/wp-content\/uploads\/2024\/06\/Motorcycle-scaled.jpeg\" alt=\"\" class=\"wp-image-545\" style=\"width:520px\" srcset=\"https:\/\/hurtncar.com\/wp-content\/uploads\/2024\/06\/Motorcycle-scaled.jpeg 2560w, https:\/\/hurtncar.com\/wp-content\/uploads\/2024\/06\/Motorcycle-300x229.jpeg 300w, https:\/\/hurtncar.com\/wp-content\/uploads\/2024\/06\/Motorcycle-1024x782.jpeg 1024w, https:\/\/hurtncar.com\/wp-content\/uploads\/2024\/06\/Motorcycle-768x587.jpeg 768w, https:\/\/hurtncar.com\/wp-content\/uploads\/2024\/06\/Motorcycle-1536x1173.jpeg 1536w, https:\/\/hurtncar.com\/wp-content\/uploads\/2024\/06\/Motorcycle-2048x1564.jpeg 2048w\" sizes=\"auto, (max-width: 2560px) 100vw, 2560px\" \/><\/figure>\n<\/div>\n<\/div>\n<\/section>\n\n\n\n<div class=\"wp-block-cover alignfull is-light\" style=\"margin-top:0px;margin-bottom:0px;padding-top:116px;padding-bottom:116px;min-height:66vh;aspect-ratio:unset;\"><span aria-hidden=\"true\" class=\"wp-block-cover__background has-white-background-color has-background-dim-100 has-background-dim\"><\/span><div class=\"wp-block-cover__inner-container has-global-padding is-layout-constrained wp-container-core-cover-is-layout-92cff959 wp-block-cover-is-layout-constrained\">\n<div class=\"wp-block-columns is-layout-flex wp-container-core-columns-is-layout-28f84493 wp-block-columns-is-layout-flex\">\n<div class=\"wp-block-column is-layout-flow wp-block-column-is-layout-flow\" style=\"flex-basis:50%\">\n<figure class=\"wp-block-image size-full is-resized\"><img loading=\"lazy\" decoding=\"async\" width=\"2560\" height=\"1707\" src=\"https:\/\/hurtncar.com\/wp-content\/uploads\/2024\/06\/Money-scaled.jpeg\" alt=\"\" class=\"wp-image-443\" style=\"aspect-ratio:1.3333333333333333;object-fit:cover;width:422px;height:auto\" srcset=\"https:\/\/hurtncar.com\/wp-content\/uploads\/2024\/06\/Money-scaled.jpeg 2560w, https:\/\/hurtncar.com\/wp-content\/uploads\/2024\/06\/Money-300x200.jpeg 300w, https:\/\/hurtncar.com\/wp-content\/uploads\/2024\/06\/Money-1024x683.jpeg 1024w, https:\/\/hurtncar.com\/wp-content\/uploads\/2024\/06\/Money-768x512.jpeg 768w, https:\/\/hurtncar.com\/wp-content\/uploads\/2024\/06\/Money-1536x1024.jpeg 1536w, https:\/\/hurtncar.com\/wp-content\/uploads\/2024\/06\/Money-2048x1365.jpeg 2048w\" sizes=\"auto, (max-width: 2560px) 100vw, 2560px\" \/><\/figure>\n<\/div>\n\n\n\n<div class=\"wp-block-column has-base-background-color has-background is-layout-flow wp-block-column-is-layout-flow\" style=\"padding-top:60px;padding-right:60px;padding-bottom:60px;padding-left:60px\">\n<blockquote class=\"wp-block-quote has-text-color has-link-color wp-elements-c531fc2217368383815d78e4287a81c6 is-layout-flow wp-block-quote-is-layout-flow\" style=\"color:#000000\">\n<p class=\"has-text-color has-background has-link-color wp-elements-0261a7f047ebab0a72e6470d4a533f59\" style=\"color:#000000;background-color:#ffffff5c;font-size:clamp(14px, 0.875rem + ((1vw - 3.2px) * 0.682), 20px);line-height:1.3\">\"Una inversi\u00f3n en informaci\u00f3n siempre produce el mejor inter\u00e9s\".<\/p>\n<cite>Benjamin Franklin<\/cite><\/blockquote>\n<\/div>\n<\/div>\n<\/div><\/div>\n\n\n\n<div class=\"wp-block-cover alignfull is-light\" style=\"margin-top:0px;margin-bottom:0px;padding-top:140px;padding-bottom:140px;min-height:603px;aspect-ratio:unset;\"><span aria-hidden=\"true\" class=\"wp-block-cover__background has-white-background-color has-background-dim-100 has-background-dim\"><\/span><div class=\"wp-block-cover__inner-container has-global-padding is-layout-constrained wp-container-core-cover-is-layout-627cf82b wp-block-cover-is-layout-constrained\">\n<h2 class=\"wp-block-heading has-text-align-center has-text-color\" style=\"color:#07277c;padding-top:0;padding-bottom:0;font-size:clamp(29.768px, 1.861rem + ((1vw - 3.2px) * 2.526), 52px);font-style:normal;font-weight:400;line-height:1\">P\u00f3ngase en contacto para una evaluaci\u00f3n gratuita de su caso<\/h2>\n\n\n\n<h2 class=\"wp-block-heading has-text-align-center has-text-color has-link-color wp-elements-83c3654deef4bddda04fb0ac443ddd18\" style=\"color:#07277c;padding-top:0;padding-bottom:0;font-size:clamp(29.768px, 1.861rem + ((1vw - 3.2px) * 2.526), 52px);font-style:normal;font-weight:400;line-height:1\"><a href=\"https:\/\/hurtncar.com\/es\/contact\/\" data-type=\"page\" data-id=\"16\">Contacta<\/a> Nos<\/h2>\n<\/div><\/div>","protected":false},"excerpt":{"rendered":"<p>Car Accidents A car accident is an event where two or more cars collide with each other. This event can lead to various injuries and damage. If you find yourself in this situation, here are some things to consider: check that everyone is okay, call the police, get the other drivers&#8217; information, take photos of [&hellip;]<\/p>","protected":false},"author":1,"featured_media":0,"parent":0,"menu_order":0,"comment_status":"closed","ping_status":"closed","template":"","meta":{"footnotes":""},"class_list":["post-14","page","type-page","status-publish","hentry"],"_links":{"self":[{"href":"https:\/\/hurtncar.com\/es\/wp-json\/wp\/v2\/pages\/14","targetHints":{"allow":["GET"]}}],"collection":[{"href":"https:\/\/hurtncar.com\/es\/wp-json\/wp\/v2\/pages"}],"about":[{"href":"https:\/\/hurtncar.com\/es\/wp-json\/wp\/v2\/types\/page"}],"author":[{"embeddable":true,"href":"https:\/\/hurtncar.com\/es\/wp-json\/wp\/v2\/users\/1"}],"replies":[{"embeddable":true,"href":"https:\/\/hurtncar.com\/es\/wp-json\/wp\/v2\/comments?post=14"}],"version-history":[{"count":114,"href":"https:\/\/hurtncar.com\/es\/wp-json\/wp\/v2\/pages\/14\/revisions"}],"predecessor-version":[{"id":807,"href":"https:\/\/hurtncar.com\/es\/wp-json\/wp\/v2\/pages\/14\/revisions\/807"}],"wp:attachment":[{"href":"https:\/\/hurtncar.com\/es\/wp-json\/wp\/v2\/media?parent=14"}],"curies":[{"name":"wp","href":"https:\/\/api.w.org\/{rel}","templated":true}]}}