{"id":12,"date":"2024-06-18T03:32:18","date_gmt":"2024-06-18T03:32:18","guid":{"rendered":"https:\/\/hurtncar.com\/?page_id=12"},"modified":"2024-10-12T15:15:38","modified_gmt":"2024-10-12T15:15:38","slug":"about-us","status":"publish","type":"page","link":"https:\/\/hurtncar.com\/es\/about-us\/","title":{"rendered":"Sobre Nosotros"},"content":{"rendered":"<div class=\"wp-block-cover alignfull is-light\" style=\"min-height:587px;aspect-ratio:unset;\"><span aria-hidden=\"true\" class=\"wp-block-cover__background has-background-dim-0 has-background-dim\" style=\"background-color:#9d9d8f\"><\/span><img loading=\"lazy\" decoding=\"async\" width=\"2560\" height=\"1560\" class=\"wp-block-cover__image-background wp-image-676\" alt=\"\" src=\"https:\/\/hurtncar.com\/wp-content\/uploads\/2024\/06\/Rear-end-collision-pile-up-scaled.jpeg\" style=\"object-position:38% 90%\" data-object-fit=\"cover\" data-object-position=\"38% 90%\" srcset=\"https:\/\/hurtncar.com\/wp-content\/uploads\/2024\/06\/Rear-end-collision-pile-up-scaled.jpeg 2560w, https:\/\/hurtncar.com\/wp-content\/uploads\/2024\/06\/Rear-end-collision-pile-up-300x183.jpeg 300w, https:\/\/hurtncar.com\/wp-content\/uploads\/2024\/06\/Rear-end-collision-pile-up-1024x624.jpeg 1024w, https:\/\/hurtncar.com\/wp-content\/uploads\/2024\/06\/Rear-end-collision-pile-up-768x468.jpeg 768w, https:\/\/hurtncar.com\/wp-content\/uploads\/2024\/06\/Rear-end-collision-pile-up-1536x936.jpeg 1536w, https:\/\/hurtncar.com\/wp-content\/uploads\/2024\/06\/Rear-end-collision-pile-up-2048x1248.jpeg 2048w\" sizes=\"auto, (max-width: 2560px) 100vw, 2560px\" \/><div class=\"wp-block-cover__inner-container has-global-padding is-layout-constrained wp-container-core-cover-is-layout-71f92482 wp-block-cover-is-layout-constrained\">\n<p class=\"has-text-align-center has-large-font-size\"><\/p>\n<\/div><\/div>\n\n\n\n<section class=\"wp-block-group alignfull has-text-color has-background is-vertical is-layout-flex wp-container-core-group-is-layout-f02b5f95 wp-block-group-is-layout-flex\" style=\"color:#03081e;background-color:#b0ff615c;margin-top:0px;padding-top:0.1rem;padding-right:1rem;padding-bottom:5.5rem;padding-left:1rem;font-size:clamp(0.875rem, 0.875rem + ((1vw - 0.2rem) * 0.464), 1.13rem);font-style:normal;font-weight:400;line-height:1.4\">\n<div class=\"wp-block-columns is-layout-flex wp-container-core-columns-is-layout-db2df21c wp-block-columns-is-layout-flex\" style=\"margin-bottom:0px\">\n<div class=\"wp-block-column has-global-padding is-content-justification-left is-layout-constrained wp-container-core-column-is-layout-12dd3699 wp-block-column-is-layout-constrained\" style=\"flex-basis:45%\">\n<figure class=\"wp-block-image aligncenter size-full is-resized\"><img loading=\"lazy\" decoding=\"async\" width=\"1000\" height=\"1000\" src=\"https:\/\/hurtncar.com\/wp-content\/uploads\/2024\/06\/logo-nobackground-1000.png\" alt=\"\" class=\"wp-image-188\" style=\"width:446px\" srcset=\"https:\/\/hurtncar.com\/wp-content\/uploads\/2024\/06\/logo-nobackground-1000.png 1000w, https:\/\/hurtncar.com\/wp-content\/uploads\/2024\/06\/logo-nobackground-1000-300x300.png 300w, https:\/\/hurtncar.com\/wp-content\/uploads\/2024\/06\/logo-nobackground-1000-150x150.png 150w, https:\/\/hurtncar.com\/wp-content\/uploads\/2024\/06\/logo-nobackground-1000-768x768.png 768w\" sizes=\"auto, (max-width: 1000px) 100vw, 1000px\" \/><\/figure>\n<\/div>\n\n\n\n<div class=\"wp-block-column is-layout-flow wp-block-column-is-layout-flow\">\n<div class=\"wp-block-group is-vertical is-content-justification-left is-layout-flex wp-container-core-group-is-layout-c5d44cae wp-block-group-is-layout-flex\" style=\"min-height:100%\">\n<div class=\"wp-block-group has-global-padding is-content-justification-center is-layout-constrained wp-container-core-group-is-layout-b15c80d6 wp-block-group-is-layout-constrained\">\n<h3 class=\"wp-block-heading has-text-align-left has-text-color\" style=\"color:#07277c;margin-top:0.5rem;margin-bottom:1.01rem;font-size:clamp(1.556rem, 1.556rem + ((1vw - 0.2rem) * 1.916), 2.61rem);font-style:normal;font-weight:600;letter-spacing:0px;line-height:1.3;text-transform:capitalize\">Acerca De Nosotros<\/h3>\n\n\n\n<p>Hola a todos,<\/p>\n\n\n\n<p><\/p>\n\n\n\n<p class=\"has-text-align-left has-text-color\" style=\"color:#03081e;margin-top:0rem;font-size:clamp(0.875rem, 0.875rem + ((1vw - 0.2rem) * 0.609), 1.21rem);font-style:normal;font-weight:400;line-height:1.6\">Hurtncar se inici\u00f3 en 2024. Sabemos que cuando est\u00e1s herido o enfermo, la ayuda \u00e9tica y competente es imprescindible. Y puede resultar dif\u00edcil saber a qui\u00e9n acudir. Por eso creamos Hurtncar con el prop\u00f3sito de conectar a las v\u00edctimas de accidentes con profesionales legales y m\u00e9dicos confiables. Esperamos que nos permita ayudarle. Gracias por visitarnos.<\/p>\n\n\n\n<p>Atentamente<\/p>\n<\/div>\n<\/div>\n<\/div>\n<\/div>\n<\/section>\n\n\n\n<section class=\"wp-block-cover alignfull is-light\" style=\"margin-top:0px;padding-bottom:13.51rem;min-height:620px;aspect-ratio:unset;\"><span aria-hidden=\"true\" class=\"wp-block-cover__background has-white-background-color has-background-dim-100 has-background-dim\"><\/span><img decoding=\"async\" class=\"wp-block-cover__image-background wp-image-3033\" alt=\"\" src=\"https:\/\/tyler.com\/wp-content\/uploads\/2023\/11\/island-banner3.jpg\" style=\"object-position:50% 80%\" data-object-fit=\"cover\" data-object-position=\"50% 80%\"\/><div class=\"wp-block-cover__inner-container has-global-padding is-layout-constrained wp-container-core-cover-is-layout-14880c13 wp-block-cover-is-layout-constrained\">\n<div class=\"wp-block-group alignfull has-text-color has-global-padding is-layout-constrained wp-container-core-group-is-layout-6f61d7e7 wp-block-group-is-layout-constrained\" style=\"color:#252525;margin-top:0px;padding-top:0rem;padding-right:1rem;padding-bottom:0rem;padding-left:1rem;font-size:clamp(0.875rem, 0.875rem + ((1vw - 0.2rem) * 0.464), 1.13rem);font-style:normal;font-weight:400;line-height:1.4\">\n<div class=\"wp-block-group is-vertical is-content-justification-center is-layout-flex wp-container-core-group-is-layout-b6c1f246 wp-block-group-is-layout-flex\">\n<div class=\"wp-block-group has-global-padding is-layout-constrained wp-container-core-group-is-layout-a099c240 wp-block-group-is-layout-constrained\">\n<h2 class=\"wp-block-heading has-text-align-center has-text-color\" style=\"color:#07277c;margin-bottom:1.11rem;font-size:clamp(1.556rem, 1.556rem + ((1vw - 0.2rem) * 1.916), 2.61rem);font-style:normal;font-weight:500;line-height:1.2;text-transform:capitalize\">Conectame<\/h2>\n\n\n\n<p class=\"has-text-align-center has-text-color\" style=\"color:#07277c;margin-top:0rem;font-size:clamp(0.875rem, 0.875rem + ((1vw - 0.2rem) * 0.427), 1.11rem);font-style:normal;font-weight:400;line-height:1.6\">\u00a1Comun\u00edquese hoy para obtener soporte confiable!<\/p>\n\n\n\n<div class=\"wp-block-group is-vertical is-content-justification-stretch is-layout-flex wp-container-core-group-is-layout-be82aac6 wp-block-group-is-layout-flex\" style=\"margin-top:0rem;padding-right:0px;padding-left:0px\">\n<div class=\"wp-block-group has-global-padding is-content-justification-center is-layout-constrained wp-container-core-group-is-layout-0638dde4 wp-block-group-is-layout-constrained\" style=\"margin-top:0px\">\n<div class=\"wp-block-buttons is-horizontal is-content-justification-right is-layout-flex wp-container-core-buttons-is-layout-1b0e492f wp-block-buttons-is-layout-flex\" style=\"margin-top:2.21rem\">\n<div class=\"wp-block-button has-custom-width wp-block-button__width-100 has-custom-font-size is-style-fill\" style=\"font-size:clamp(0.875rem, 0.875rem + ((1vw - 0.2rem) * 0.609), 1.21rem);font-style:normal;font-weight:400;line-height:1;text-transform:capitalize\"><a class=\"wp-block-button__link has-text-color has-background has-border-color wp-element-button\" href=\"https:\/\/hurtncar.com\/es\/contact\/\" style=\"border-color:#041d55;border-style:solid;border-width:1px;border-radius:2.5rem;color:#07277c;background-color:#ffffff;padding-top:1.1rem;padding-right:0.81rem;padding-bottom:1.1rem;padding-left:0.81rem\">Consigue Ayuda<\/a><\/div>\n<\/div>\n<\/div>\n<\/div>\n<\/div>\n<\/div>\n<\/div>\n<\/div><\/section>","protected":false},"excerpt":{"rendered":"<p>About Howdy Y&#8217;all, Hurtncar was started in 2024. We know that when you are hurt or ill, ethical and competent help is a must. And it can be difficult to know where to turn. Thus we created Hurtncar with the purpose of connecting accident victims to reputable legal and medical professionals. Let us connect you [&hellip;]<\/p>","protected":false},"author":1,"featured_media":0,"parent":0,"menu_order":0,"comment_status":"closed","ping_status":"closed","template":"","meta":{"footnotes":""},"class_list":["post-12","page","type-page","status-publish","hentry"],"_links":{"self":[{"href":"https:\/\/hurtncar.com\/es\/wp-json\/wp\/v2\/pages\/12","targetHints":{"allow":["GET"]}}],"collection":[{"href":"https:\/\/hurtncar.com\/es\/wp-json\/wp\/v2\/pages"}],"about":[{"href":"https:\/\/hurtncar.com\/es\/wp-json\/wp\/v2\/types\/page"}],"author":[{"embeddable":true,"href":"https:\/\/hurtncar.com\/es\/wp-json\/wp\/v2\/users\/1"}],"replies":[{"embeddable":true,"href":"https:\/\/hurtncar.com\/es\/wp-json\/wp\/v2\/comments?post=12"}],"version-history":[{"count":109,"href":"https:\/\/hurtncar.com\/es\/wp-json\/wp\/v2\/pages\/12\/revisions"}],"predecessor-version":[{"id":809,"href":"https:\/\/hurtncar.com\/es\/wp-json\/wp\/v2\/pages\/12\/revisions\/809"}],"wp:attachment":[{"href":"https:\/\/hurtncar.com\/es\/wp-json\/wp\/v2\/media?parent=12"}],"curies":[{"name":"wp","href":"https:\/\/api.w.org\/{rel}","templated":true}]}}